{"id":7204,"date":"2021-03-16T08:50:06","date_gmt":"2021-03-16T08:50:06","guid":{"rendered":"https:\/\/tiboequestrian.com\/?page_id=7204"},"modified":"2025-08-26T11:45:39","modified_gmt":"2025-08-26T11:45:39","slug":"published","status":"publish","type":"page","link":"https:\/\/tiboequestrian.com\/es\/published\/","title":{"rendered":"Publicado"},"content":{"rendered":"<div id=\"fws_69eb80cc1c21f\"  data-column-margin=\"default\" data-midnight=\"dark\"  data-bg-mobile-hidden=\"\" class=\"wpb_row vc_row-fluid vc_row full-width-section standard_section\"  style=\"padding-top: 200px; padding-bottom: 200px; \"><div class=\"row-bg-wrap\" data-bg-animation=\"none\" data-bg-overlay=\"false\"><div class=\"inner-wrap using-image\"><div class=\"row-bg using-image\"  style=\"background-image: url(https:\/\/tiboequestrian.com\/wp-content\/uploads\/2020\/09\/saddle-16.jpg); background-position: left top; background-repeat: no-repeat; \"><\/div><\/div><div class=\"row-bg-overlay\" ><\/div><\/div>      \n\t\t\t<div class=\"video-color-overlay\" data-color=\"rgba(0,33,119,0.38)\"><\/div>\n      \t\t\t     <div class=\"mobile-video-image\" style=\"background-image: url(https:\/\/tiboequestrian.com\/wp-content\/uploads\/2020\/09\/videopreview.png)\"><\/div>\n            \n\t\t\t<div class=\"nectar-video-wrap\" data-bg-alignment=\"left top\">\n\t\t\t\t<div class=\"nectar-video-inner\">\n        <video class=\"nectar-video-bg\" width=\"1800\" height=\"700\" preload=\"auto\" loop autoplay muted playsinline><\/video>    \t\t<\/div>\n\t\t\t <\/div>\n       \n\t\t\t<div class=\"col span_12 dark center\">\n\t<div  class=\"vc_col-sm-12 wpb_column column_container vc_column_container col no-extra-padding\"  data-t-w-inherits=\"default\" data-border-radius=\"none\" data-shadow=\"none\" data-border-animation=\"\" data-border-animation-delay=\"\" data-border-width=\"none\" data-border-style=\"solid\" data-border-color=\"\" data-bg-cover=\"\" data-padding-pos=\"all\" data-has-bg-color=\"false\" data-bg-color=\"\" data-bg-opacity=\"1\" data-hover-bg=\"\" data-hover-bg-opacity=\"1\" data-animation=\"\" data-delay=\"0\" >\n\t\t<div class=\"vc_column-inner\" ><div class=\"column-bg-overlay-wrap\" data-bg-animation=\"none\"><div class=\"column-bg-overlay\"><\/div><\/div>\n\t\t\t<div class=\"wpb_wrapper\">\n\t\t\t\t\r\n<div class=\"nectar-animated-title\" data-style=\"color-strip-reveal\" data-color=\"accent-color\">\r\n\t<div class=\"nectar-animated-title-outer\">\r\n\t\t<div class=\"nectar-animated-title-inner\">\r\n\t\t\t<div class=\"wrap\"><h1 style=\"color: #ffffff;\">Noticias<\/h1><\/div>\r\n\t\t<\/div>\r\n\t<\/div>\r\n<\/div>\n\t\t\t<\/div> \n\t\t<\/div>\n\t<\/div> \n<\/div><\/div>\n\t\t<div id=\"fws_69eb80cc1d083\"  data-column-margin=\"default\" data-midnight=\"dark\"  data-bg-mobile-hidden=\"\" class=\"wpb_row vc_row-fluid vc_row standard_section\"  style=\"padding-top: 50px; padding-bottom: 30px; \"><div class=\"row-bg-wrap\" data-bg-animation=\"none\" data-bg-overlay=\"false\"><div class=\"inner-wrap\"><div class=\"row-bg\"  style=\"\"><\/div><\/div><div class=\"row-bg-overlay\" ><\/div><\/div><div class=\"col span_12 dark left\">\n\t<div  class=\"vc_col-sm-2 wpb_column column_container vc_column_container col no-extra-padding\"  data-t-w-inherits=\"default\" data-border-radius=\"none\" data-shadow=\"none\" data-border-animation=\"\" data-border-animation-delay=\"\" data-border-width=\"none\" data-border-style=\"solid\" data-border-color=\"\" data-bg-cover=\"\" data-padding-pos=\"all\" data-has-bg-color=\"false\" data-bg-color=\"\" data-bg-opacity=\"1\" data-hover-bg=\"\" data-hover-bg-opacity=\"1\" data-animation=\"\" data-delay=\"0\" >\n\t\t<div class=\"vc_column-inner\" ><div class=\"column-bg-overlay-wrap\" data-bg-animation=\"none\"><div class=\"column-bg-overlay\"><\/div><\/div>\n\t\t\t<div class=\"wpb_wrapper\">\n\t\t\t\t\n\t\t\t<\/div> \n\t\t<\/div>\n\t<\/div> \n\n\t<div  class=\"vc_col-sm-8 wpb_column column_container vc_column_container col no-extra-padding\"  data-t-w-inherits=\"default\" data-border-radius=\"none\" data-shadow=\"none\" data-border-animation=\"\" data-border-animation-delay=\"\" data-border-width=\"none\" data-border-style=\"solid\" data-border-color=\"\" data-bg-cover=\"\" data-padding-pos=\"all\" data-has-bg-color=\"false\" data-bg-color=\"\" data-bg-opacity=\"1\" data-hover-bg=\"\" data-hover-bg-opacity=\"1\" data-animation=\"\" data-delay=\"0\" >\n\t\t<div class=\"vc_column-inner\" ><div class=\"column-bg-overlay-wrap\" data-bg-animation=\"none\"><div class=\"column-bg-overlay\"><\/div><\/div>\n\t\t\t<div class=\"wpb_wrapper\">\n\t\t\t\t\r\n<div class=\"row\">\r\n\r\n <div class=\"post-area col featured_img_left span_12 col_last    infinite_scroll\" data-ams=\"\" data-remove-post-date=\"1\" data-remove-post-author=\"1\" data-remove-post-comment-number=\"1\" data-remove-post-nectar-love=\"\"> <div class=\"posts-container\" data-load-animation=\"fade_in_from_bottom\">     \r\n     \r\n<article id=\"post-7254\" class=\"post-7254 post type-post status-publish format-standard has-post-thumbnail category-published\">  \r\n  \r\n  <div class=\"inner-wrap animated\">\r\n    \r\n    <div class=\"post-content\">\r\n      \r\n      <div class=\"article-content-wrap\">\r\n        \r\n        <div class=\"post-featured-img-wrap\">\r\n          \r\n          <a href=\"https:\/\/tiboequestrian.com\/es\/harmony-sensor-pad-available-from-tibo-equestrian\/\"><span class=\"post-featured-img\" data-nectar-img-src=\"https:\/\/tiboequestrian.com\/wp-content\/uploads\/2021\/03\/almohadilla-harmony.jpg\"><\/span><\/a>          \r\n        <\/div><!--post-featured-img-wrap-->\r\n        \r\n        <div class=\"post-content-wrap\">\r\n          \r\n          <a class=\"entire-meta-link\" href=\"https:\/\/tiboequestrian.com\/es\/harmony-sensor-pad-available-from-tibo-equestrian\/\"><\/a>\r\n          \r\n          <span class=\"meta-category\"><a class=\"published\" href=\"https:\/\/tiboequestrian.com\/es\/category\/published\/\">Publicado<\/a><\/span>          \r\n          <div class=\"post-header\">\r\n            <h3 class=\"title\"><a href=\"https:\/\/tiboequestrian.com\/es\/harmony-sensor-pad-available-from-tibo-equestrian\/\"> Almohadilla de sensor de armon\u00eda, disponible en TIBO Equestrian<\/a><\/h3>\r\n          <\/div>\r\n          \r\n          <div class=\"excerpt\">Ha sido dise\u00f1ado cient\u00edficamente para realizar un an\u00e1lisis m\u00e1s preciso del ajuste de la montura a trav\u00e9s del uso ...<\/div><div class=\"grav-wrap\"><a href=\"https:\/\/tiboequestrian.com\/es\/author\/admin\/\"><img alt='admin' src='https:\/\/secure.gravatar.com\/avatar\/87725a486439e8b558a47b9c663e6945?s=70&#038;d=mm&#038;r=g' srcset='https:\/\/secure.gravatar.com\/avatar\/87725a486439e8b558a47b9c663e6945?s=140&#038;d=mm&#038;r=g 2x' class='avatar avatar-70 photo' height='70' width='70' loading='lazy'\/><\/a><div class=\"text\"><a href=\"https:\/\/tiboequestrian.com\/es\/author\/admin\/\" rel=\"author\">administraci\u00f3n<\/a><span>16 de marzo de 2021<\/span><\/div><\/div>          \r\n        <\/div><!--post-content-wrap-->\r\n        \r\n      <\/div><!--\/article-content-wrap-->\r\n      \r\n    <\/div><!--\/post-content-->\r\n    \r\n  <\/div><!--\/inner-wrap-->\r\n  \r\n<\/article>     \r\n     \r\n<article id=\"post-7245\" class=\"post-7245 post type-post status-publish format-standard has-post-thumbnail category-published\">  \r\n  \r\n  <div class=\"inner-wrap animated\">\r\n    \r\n    <div class=\"post-content\">\r\n      \r\n      <div class=\"article-content-wrap\">\r\n        \r\n        <div class=\"post-featured-img-wrap\">\r\n          \r\n          <a href=\"https:\/\/tiboequestrian.com\/es\/tibo-equestrian-presents-striphair-gentle-groomer\/\"><span class=\"post-featured-img\" data-nectar-img-src=\"https:\/\/tiboequestrian.com\/wp-content\/uploads\/2021\/03\/groomer-caballo.jpg\"><\/span><\/a>          \r\n        <\/div><!--post-featured-img-wrap-->\r\n        \r\n        <div class=\"post-content-wrap\">\r\n          \r\n          <a class=\"entire-meta-link\" href=\"https:\/\/tiboequestrian.com\/es\/tibo-equestrian-presents-striphair-gentle-groomer\/\"><\/a>\r\n          \r\n          <span class=\"meta-category\"><a class=\"published\" href=\"https:\/\/tiboequestrian.com\/es\/category\/published\/\">Publicado<\/a><\/span>          \r\n          <div class=\"post-header\">\r\n            <h3 class=\"title\"><a href=\"https:\/\/tiboequestrian.com\/es\/tibo-equestrian-presents-striphair-gentle-groomer\/\"> TIBO Equestrian presenta: StripHair Gentle Groomer<\/a><\/h3>\r\n          <\/div>\r\n          \r\n          <div class=\"excerpt\">Todos los productos para caballos de Betty&#39;s Best han sido dise\u00f1ados para ofrecer funcionalidad multiprop\u00f3sito y total comodidad para el caballo. Calidad y\u2026<\/div><div class=\"grav-wrap\"><a href=\"https:\/\/tiboequestrian.com\/es\/author\/admin\/\"><img alt='admin' src='https:\/\/secure.gravatar.com\/avatar\/87725a486439e8b558a47b9c663e6945?s=70&#038;d=mm&#038;r=g' srcset='https:\/\/secure.gravatar.com\/avatar\/87725a486439e8b558a47b9c663e6945?s=140&#038;d=mm&#038;r=g 2x' class='avatar avatar-70 photo' height='70' width='70' loading='lazy'\/><\/a><div class=\"text\"><a href=\"https:\/\/tiboequestrian.com\/es\/author\/admin\/\" rel=\"author\">administraci\u00f3n<\/a><span>16 de marzo de 2021<\/span><\/div><\/div>          \r\n        <\/div><!--post-content-wrap-->\r\n        \r\n      <\/div><!--\/article-content-wrap-->\r\n      \r\n    <\/div><!--\/post-content-->\r\n    \r\n  <\/div><!--\/inner-wrap-->\r\n  \r\n<\/article>    \r\n    <\/div><!--\/posts container-->\r\n    \r\n      \r\n<\/div><!--\/post area-->\r\n\r\n  \r\n\r\n<\/div>\r\n\r\n\n\t\t\t<\/div> \n\t\t<\/div>\n\t<\/div> \n\n\t<div  class=\"vc_col-sm-2 wpb_column column_container vc_column_container col no-extra-padding\"  data-t-w-inherits=\"default\" data-border-radius=\"none\" data-shadow=\"none\" data-border-animation=\"\" data-border-animation-delay=\"\" data-border-width=\"none\" data-border-style=\"solid\" data-border-color=\"\" data-bg-cover=\"\" data-padding-pos=\"all\" data-has-bg-color=\"false\" data-bg-color=\"\" data-bg-opacity=\"1\" data-hover-bg=\"\" data-hover-bg-opacity=\"1\" data-animation=\"\" data-delay=\"0\" >\n\t\t<div class=\"vc_column-inner\" ><div class=\"column-bg-overlay-wrap\" data-bg-animation=\"none\"><div class=\"column-bg-overlay\"><\/div><\/div>\n\t\t\t<div class=\"wpb_wrapper\">\n\t\t\t\t\n\t\t\t<\/div> \n\t\t<\/div>\n\t<\/div> \n<\/div><\/div>","protected":false},"excerpt":{"rendered":"Todos los productos para caballos de Betty&#39;s Best han sido dise\u00f1ados para ofrecer una funcionalidad polivalente y una comodidad total para el caballo. \u00a1Calidad y satisfacci\u00f3n garantizada! Entre ellas, la l\u00ednea de peluquer\u00eda StripHair es una...","protected":false},"author":1,"featured_media":0,"parent":0,"menu_order":0,"comment_status":"closed","ping_status":"closed","template":"","meta":[],"_links":{"self":[{"href":"https:\/\/tiboequestrian.com\/es\/wp-json\/wp\/v2\/pages\/7204"}],"collection":[{"href":"https:\/\/tiboequestrian.com\/es\/wp-json\/wp\/v2\/pages"}],"about":[{"href":"https:\/\/tiboequestrian.com\/es\/wp-json\/wp\/v2\/types\/page"}],"author":[{"embeddable":true,"href":"https:\/\/tiboequestrian.com\/es\/wp-json\/wp\/v2\/users\/1"}],"replies":[{"embeddable":true,"href":"https:\/\/tiboequestrian.com\/es\/wp-json\/wp\/v2\/comments?post=7204"}],"version-history":[{"count":3,"href":"https:\/\/tiboequestrian.com\/es\/wp-json\/wp\/v2\/pages\/7204\/revisions"}],"predecessor-version":[{"id":7243,"href":"https:\/\/tiboequestrian.com\/es\/wp-json\/wp\/v2\/pages\/7204\/revisions\/7243"}],"wp:attachment":[{"href":"https:\/\/tiboequestrian.com\/es\/wp-json\/wp\/v2\/media?parent=7204"}],"curies":[{"name":"wp","href":"https:\/\/api.w.org\/{rel}","templated":true}]}}