{"id":6412,"date":"2020-08-27T09:49:55","date_gmt":"2020-08-27T09:49:55","guid":{"rendered":"https:\/\/tiboequestrian.com\/?page_id=6412"},"modified":"2025-08-26T11:46:00","modified_gmt":"2025-08-26T11:46:00","slug":"cookies-policy","status":"publish","type":"page","link":"https:\/\/tiboequestrian.com\/es\/cookies-policy\/","title":{"rendered":"Pol\u00edtica de cookies"},"content":{"rendered":"<div id=\"fws_69eb80f9e41e6\"  data-column-margin=\"default\" data-midnight=\"dark\"  data-bg-mobile-hidden=\"\" class=\"wpb_row vc_row-fluid vc_row standard_section\"  style=\"padding-top: 0px; padding-bottom: 0px; \"><div class=\"row-bg-wrap\" data-bg-animation=\"none\" data-bg-overlay=\"false\"><div class=\"inner-wrap\"><div class=\"row-bg\"  style=\"\"><\/div><\/div><div class=\"row-bg-overlay\" ><\/div><\/div><div class=\"col span_12 dark left\">\n\t<div  class=\"vc_col-sm-12 wpb_column column_container vc_column_container col no-extra-padding\"  data-t-w-inherits=\"default\" data-border-radius=\"none\" data-shadow=\"none\" data-border-animation=\"\" data-border-animation-delay=\"\" data-border-width=\"none\" data-border-style=\"solid\" data-border-color=\"\" data-bg-cover=\"\" data-padding-pos=\"all\" data-has-bg-color=\"false\" data-bg-color=\"\" data-bg-opacity=\"1\" data-hover-bg=\"\" data-hover-bg-opacity=\"1\" data-animation=\"\" data-delay=\"0\" >\n\t\t<div class=\"vc_column-inner\" ><div class=\"column-bg-overlay-wrap\" data-bg-animation=\"none\"><div class=\"column-bg-overlay\"><\/div><\/div>\n\t\t\t<div class=\"wpb_wrapper\">\n\t\t\t\t\r\n<div class=\"wpb_text_column wpb_content_element\" >\r\n\t<div class=\"wpb_wrapper\">\r\n\t\t<h1>Pol\u00edtica de cookies<\/h1>\n<p>&nbsp;<\/p>\n<p class=\"p1\">El art\u00edculo 22.2\u00ba de la LSSI establece que los dispositivos de almacenamiento y recuperaci\u00f3n de datos podr\u00e1n ser utilizados en los equipos terminales de los destinatarios, siempre que hayan prestado su consentimiento despu\u00e9s de haber recibido informaci\u00f3n clara y completa sobre su uso, en particular, sobre las finalidades. del tratamiento de datos, de acuerdo con lo dispuesto en la normativa vigente en materia de protecci\u00f3n de datos personales. En este sentido, se pueden colocar cookies en su computadora. Se trata de peque\u00f1os archivos cuya finalidad es recordar las p\u00e1ginas visitadas para facilitar la navegaci\u00f3n futura. Puede eliminar las cookies seleccionando la opci\u00f3n que su navegador tiene a tal efecto. En cualquier momento puede eliminar todas las cookies utilizando la opci\u00f3n de su navegador.<\/p>\n<p>Tipos de cookies utilizadas y finalidades:<\/p>\n<p>El CMS (sistema de gesti\u00f3n de contenidos) utilizado por la Web recopila datos de usuario \/ visitante a trav\u00e9s de sus propias cookies, con la finalidad de gestionar el contenido de la web, consintiendo expresamente el haber aceptado la pol\u00edtica de cookies.<\/p>\n<p>La Web utiliza servicios de terceros correspondientes a Google.com, google.es, gstatics.com, Facebook.com, doubleclick.net<\/p>\n<p>Gu\u00eda de cookies:<\/p>\n<p>Cookies exceptuadas de informaci\u00f3n y consentimiento: ser\u00edan aquellas cuya finalidad sea:<\/p>\n<ul>\n<li>Cookies de &quot;entrada del usuario&quot;<\/li>\n<li>Cookies de autenticaci\u00f3n o identificaci\u00f3n de usuario (solo de sesi\u00f3n)<\/li>\n<li>Cookies de seguridad del usuario<\/li>\n<li>Cookies de sesi\u00f3n del reproductor multimedia<\/li>\n<li>Cookies de sesi\u00f3n para equilibrar la carga<\/li>\n<li>Cookies para personalizar la interfaz de usuario<\/li>\n<li>Complementar las cookies (plug-in) para intercambiar contenido social<\/li>\n<\/ul>\n<p>Clasificaci\u00f3n de cookies sujetas a informaci\u00f3n y consentimiento, seg\u00fan informe de la Agencia Espa\u00f1ola de Protecci\u00f3n de Datos:<\/p>\n<p>1. Tipos de cookies seg\u00fan la entidad que las gestiona:<\/p>\n<p>- Cookies propias: Son aqu\u00e9llas que se env\u00edan al equipo terminal del usuario desde un equipo o dominio gestionado por el propio editor y desde el que se presta el servicio solicitado por el usuario.<\/p>\n<p>- Cookies de terceros: Son aquellas que se env\u00edan al equipo terminal del usuario desde un equipo o dominio que no es gestionado por el editor, sino por otra entidad que trata los datos obtenidos a trav\u00e9s de las cookies. En el caso de que las cookies se instalen desde un equipo o dominio gestionado por el propio editor pero la informaci\u00f3n recogida a trav\u00e9s de ellas sea gestionada por un tercero, no pueden considerarse cookies propias.<\/p>\n<p>2. Tipos de cookies seg\u00fan el plazo de tiempo que permanecen activadas en el terminal del usuario:<\/p>\n<p>- Cookies de sesi\u00f3n: Son un tipo de cookies dise\u00f1adas para recabar y almacenar datos mientras el usuario accede a una p\u00e1gina web.<\/p>\n<p>- Cookies persistentes: Son un tipo de cookies en las que los datos siguen almacenados en el terminal y pueden ser accedidos y tratados durante un plazo definido por el responsable de la cookie, que puede oscilar entre unos minutos y varios a\u00f1os.<\/p>\n<p>3. Tipos de cookies seg\u00fan su finalidad:<\/p>\n<p>- Cookies t\u00e9cnicas: Son aqu\u00e9llas que permiten al usuario navegar por una p\u00e1gina web, plataforma o aplicaci\u00f3n y utilizar las diferentes opciones o servicios que existen en ella, como por ejemplo, controlar el tr\u00e1fico y la comunicaci\u00f3n de datos, identificar la sesi\u00f3n, acceder partes de acceso restringido, recordar los elementos que componen un pedido, realizar el proceso de compra de un pedido, realizar la solicitud de registro o participaci\u00f3n en un evento, utilizar elementos de seguridad durante la navegaci\u00f3n, almacenar contenido para la retransmisi\u00f3n de v\u00eddeos o sonido o compartir contenido a trav\u00e9s de las redes sociales.<\/p>\n<p>- Cookies de personalizaci\u00f3n: Son aqu\u00e9llas que permiten al usuario acceder al servicio con algunas caracter\u00edsticas de car\u00e1cter general predefinidas en funci\u00f3n de una serie de criterios en el terminal del usuario, como por ejemplo el idioma, el tipo de navegador a trav\u00e9s del cual accede el usuario al servicio, la configuraci\u00f3n regional. desde donde accedes al servicio, etc.<\/p>\n<p>- Cookies de an\u00e1lisis: Son aqu\u00e9llas que permiten al responsable de las mismas monitorizar y analizar el comportamiento de los usuarios de los sitios web a los que est\u00e1n vinculados. La informaci\u00f3n recogida a trav\u00e9s de este tipo de cookies se utiliza para medir la actividad de los sitios web, aplicaci\u00f3n o plataforma y para crear perfiles de navegaci\u00f3n de los usuarios de dichos sitios, aplicaciones y plataformas, con el fin de introducir mejoras en base al an\u00e1lisis del uso. datos realizados por los usuarios del servicio.<\/p>\n<p>- Cookies publicitarias: Son aqu\u00e9llas que permiten la gesti\u00f3n, de la forma m\u00e1s eficaz posible, de los espacios publicitarios que, en su caso, el editor haya incluido en una p\u00e1gina web, aplicaci\u00f3n o plataforma desde la que presta el servicio solicitado en base a criterios. como el contenido editado o la frecuencia con la que se muestran los anuncios.<\/p>\n<p>- Cookies de publicidad comportamental: Son aqu\u00e9llas que permiten la gesti\u00f3n, de la forma m\u00e1s eficaz posible, de los espacios publicitarios que, en su caso, el editor haya incluido en una p\u00e1gina web, aplicaci\u00f3n o plataforma desde la que presta el servicio solicitado. Estas cookies almacenan informaci\u00f3n sobre el comportamiento de los usuarios obtenida a trav\u00e9s de la observaci\u00f3n continuada de sus h\u00e1bitos de navegaci\u00f3n, lo que permite desarrollar un perfil espec\u00edfico para mostrar publicidad en funci\u00f3n del mismo.<\/p>\n<p>Puede permitir, bloquear o eliminar las cookies instaladas en su equipo mediante la configuraci\u00f3n de las opciones del navegador instalado en su equipo, para m\u00e1s informaci\u00f3n haga clic en el enlace que corresponde a su navegador:<\/p>\n<p>Firefox: http:\/\/support.mozilla.org\/es\/kb\/habilitar-y-deshabilitar-cookies-que-los-sitios-we<br \/>\nChrome: http:\/\/support.google.com\/chrome\/bin\/answer.py?hl=es&amp;answer=95647<br \/>\nExplorador: http:\/\/windows.microsoft.com\/es-es\/windows7\/how-to-manage-cookies-in-internet-explorer-9<br \/>\nSafari: http:\/\/support.apple.com\/kb\/ph5042<br \/>\nSafari para IOS: http:\/\/support.apple.com\/kb\/HT1677?viewlocale=es_ES&amp;locale=es_ES<br \/>\nFlash Player: http:\/\/www.macromedia.com\/support\/documentation\/es\/flashplayer\/help\/settings_manager07.html<\/p>\n\t<\/div>\r\n<\/div>\r\n\r\n\r\n\r\n\n\t\t\t<\/div> \n\t\t<\/div>\n\t<\/div> \n<\/div><\/div>","protected":false},"excerpt":{"rendered":"Pol\u00edtica de Cookies El art\u00edculo 22.2\u00ba de la LSSI establece que podr\u00e1n utilizarse dispositivos de almacenamiento y recuperaci\u00f3n de datos en los equipos terminales de los destinatarios, siempre que hayan dado su...","protected":false},"author":1,"featured_media":0,"parent":0,"menu_order":0,"comment_status":"closed","ping_status":"closed","template":"","meta":[],"_links":{"self":[{"href":"https:\/\/tiboequestrian.com\/es\/wp-json\/wp\/v2\/pages\/6412"}],"collection":[{"href":"https:\/\/tiboequestrian.com\/es\/wp-json\/wp\/v2\/pages"}],"about":[{"href":"https:\/\/tiboequestrian.com\/es\/wp-json\/wp\/v2\/types\/page"}],"author":[{"embeddable":true,"href":"https:\/\/tiboequestrian.com\/es\/wp-json\/wp\/v2\/users\/1"}],"replies":[{"embeddable":true,"href":"https:\/\/tiboequestrian.com\/es\/wp-json\/wp\/v2\/comments?post=6412"}],"version-history":[{"count":3,"href":"https:\/\/tiboequestrian.com\/es\/wp-json\/wp\/v2\/pages\/6412\/revisions"}],"predecessor-version":[{"id":7308,"href":"https:\/\/tiboequestrian.com\/es\/wp-json\/wp\/v2\/pages\/6412\/revisions\/7308"}],"wp:attachment":[{"href":"https:\/\/tiboequestrian.com\/es\/wp-json\/wp\/v2\/media?parent=6412"}],"curies":[{"name":"wp","href":"https:\/\/api.w.org\/{rel}","templated":true}]}}