{"id":6209,"date":"2020-04-14T21:28:12","date_gmt":"2020-04-14T21:28:12","guid":{"rendered":"https:\/\/tiboequestrian.com\/?page_id=6209"},"modified":"2025-08-26T11:45:46","modified_gmt":"2025-08-26T11:45:46","slug":"privacy-policy","status":"publish","type":"page","link":"https:\/\/tiboequestrian.com\/es\/privacy-policy\/","title":{"rendered":"Pol\u00edtica de privacidad"},"content":{"rendered":"<div id=\"fws_69eb81424d43a\"  data-column-margin=\"default\" data-midnight=\"dark\"  data-bg-mobile-hidden=\"\" class=\"wpb_row vc_row-fluid vc_row standard_section\"  style=\"padding-top: 0px; padding-bottom: 0px; \"><div class=\"row-bg-wrap\" data-bg-animation=\"none\" data-bg-overlay=\"false\"><div class=\"inner-wrap\"><div class=\"row-bg\"  style=\"\"><\/div><\/div><div class=\"row-bg-overlay\" ><\/div><\/div><div class=\"col span_12 dark left\">\n\t<div  class=\"vc_col-sm-12 wpb_column column_container vc_column_container col no-extra-padding\"  data-t-w-inherits=\"default\" data-border-radius=\"none\" data-shadow=\"none\" data-border-animation=\"\" data-border-animation-delay=\"\" data-border-width=\"none\" data-border-style=\"solid\" data-border-color=\"\" data-bg-cover=\"\" data-padding-pos=\"all\" data-has-bg-color=\"false\" data-bg-color=\"\" data-bg-opacity=\"1\" data-hover-bg=\"\" data-hover-bg-opacity=\"1\" data-animation=\"\" data-delay=\"0\" >\n\t\t<div class=\"vc_column-inner\" ><div class=\"column-bg-overlay-wrap\" data-bg-animation=\"none\"><div class=\"column-bg-overlay\"><\/div><\/div>\n\t\t\t<div class=\"wpb_wrapper\">\n\t\t\t\t\r\n<div class=\"wpb_text_column wpb_content_element\" >\r\n\t<div class=\"wpb_wrapper\">\r\n\t\t<h1>Pol\u00edtica de privacidad<\/h1>\n\t<\/div>\r\n<\/div>\r\n\r\n\r\n\r\n\r\n<div class=\"wpb_text_column wpb_content_element\" >\r\n\t<div class=\"wpb_wrapper\">\r\n\t\t<p>Quienes somos<\/p>\n<p>Raz\u00f3n social: Tibo Equestrian - Joaquin Tinao Perez-Miravete<br \/>\nDirecci\u00f3n: Pol. 27, 5, 46600 Alzira, Valencia, Espa\u00f1a<br \/>\nCIF: B98949233<br \/>\nCorreo electr\u00f3nico: tiboequestrian@gmail.com<\/p>\n<p>La direcci\u00f3n de nuestro sitio web es: https:\/\/tiboequestrian.com<\/p>\n<p>Tibo Equestrian se toma muy en serio sus datos y su privacidad y se esfuerza por garantizar que nuestros datos y los datos de nuestra base de clientes se procesen de manera legal, justa y transparente. Esta pol\u00edtica se aplica solo a tiboequestrian.com; una vez que abandone nuestro sitio a trav\u00e9s de un enlace o de otro modo, estar\u00e1 sujeto a la pol\u00edtica de ese proveedor del sitio web.<\/p>\n<p>Datos de formularios de contacto<br \/>\nCuando env\u00eda nuestro formulario de contacto, sus datos se env\u00edan por correo electr\u00f3nico a un solo usuario (Joaquin Tinao) en Tibo Equestrian para responder a su consulta. Estos datos se conservan en un sistema protegido por contrase\u00f1a para poder seguir brindando correspondencia sobre los servicios que brindamos.<\/p>\n<p>Acceder o actualizar sus datos<br \/>\nSi desea acceder o actualizar cualquier dato personal que pueda tener Tibo Equestrian, env\u00edenos un correo electr\u00f3nico a tiboequestrian@gmail.com<\/p>\n<p>Contenido incrustado de otros sitios web<br \/>\nLos art\u00edculos de este sitio pueden incluir contenido incrustado (por ejemplo, videos, im\u00e1genes, art\u00edculos, etc.). El contenido incrustado de otros sitios web se comporta exactamente de la misma manera que si el visitante hubiera visitado el otro sitio web.<\/p>\n<p>Estos sitios web pueden recopilar datos sobre usted, utilizar cookies, incrustar un seguimiento adicional de terceros y supervisar su interacci\u00f3n con ese contenido incrustado, incluido el seguimiento de su interacci\u00f3n con el contenido incrustado si tiene una cuenta y ha iniciado sesi\u00f3n en ese sitio web.<\/p>\n<p>Intercambio y divulgaci\u00f3n de informaci\u00f3n<br \/>\nTibo Equestrian no comparte, vende ni divulga informaci\u00f3n sobre usted. En caso de que un tribunal, una orden administrativa o gubernamental u otro proceso legal nos requiera proporcionar dicha informaci\u00f3n, proporcionaremos la informaci\u00f3n recopilada seg\u00fan lo requiera la ley. Protegemos su informaci\u00f3n personal con varias medidas de seguridad. Adem\u00e1s de las precauciones habituales, como la seguridad f\u00edsica y los cortafuegos, contamos con estrictas pol\u00edticas de seguridad interna.<\/p>\n<p>Galletas<br \/>\nTibo Equestrian puede recopilar otros tipos de datos an\u00f3nimos de los usuarios del sitio web mediante el uso de &quot;cookies&quot;, que son archivos de texto que un sitio web coloca en el disco duro de su computadora que lo identifica como usuario. Cuando regresa al sitio web, su navegador env\u00eda esa informaci\u00f3n de regreso al sitio. Nuestro sitio web utiliza &quot;cookies&quot; para mejorar su experiencia y proporcionar una mejor comprensi\u00f3n de c\u00f3mo los usuarios interact\u00faan con nuestro sitio, para administrar el sitio o con fines de investigaci\u00f3n y marketing para ayudarnos a servir mejor a nuestros clientes. Las cookies son archivos de texto que contienen peque\u00f1as cantidades de informaci\u00f3n que se descargan en su computadora personal, m\u00f3vil u otro dispositivo cuando visita un sitio web. Cuando navega por el sitio, utiliza esta cookie para &quot;recordar&quot; algunas de las cosas que hizo en el sitio web la \u00faltima vez para evitar que actualice sus preferencias cada vez. No se recopilar\u00e1 informaci\u00f3n de identificaci\u00f3n personal suya como parte de estas cookies.<\/p>\n<p>Si la configuraci\u00f3n de su software que est\u00e1 utilizando para ver este sitio web (su navegador) est\u00e1 ajustada para aceptar cookies, tomamos esto, y su uso continuo de nuestro sitio web, para significar que est\u00e1 de acuerdo con esto. Si desea eliminar o no utilizar cookies de nuestro sitio, puede hacerlo, sin embargo, es probable que esto signifique que nuestro sitio web no funcionar\u00e1 como usted espera.<\/p>\n<p>Cookies que utilizamos<br \/>\n_lscache_vary Esta cookie almacena el estado de inicio de sesi\u00f3n del usuario y el rol del usuario actual es. No almacena datos personales. Caduca en dos d\u00edas.<br \/>\nwordpress_logged_in_ * Esta cookie la establece WordPress. Se utiliza para indicar e identificar al usuario que ha iniciado sesi\u00f3n. Esta es una cookie de sesi\u00f3n.<br \/>\nwordpress_sec_ Esta cookie la establece WordPress. Estas cookies nos ayudan a mantenerlo conectado a nuestro sitio.<br \/>\nwordpress_test_cookie Esta cookie la establece WordPress. Se utiliza para comprobar si su navegador web est\u00e1 configurado para permitir o rechazar cookies.<br \/>\nwp-settings-, wp-settings-time: WordPress establece estas cookies. Se utilizan para personalizar la vista del usuario de la interfaz de administraci\u00f3n y posiblemente tambi\u00e9n la interfaz del sitio principal. Estas cookies no tienen ning\u00fan impacto en la experiencia del usuario y no almacenan ninguna informaci\u00f3n personal. Contienen informaci\u00f3n sobre la ubicaci\u00f3n geogr\u00e1fica general del usuario. Estas cookies son persistentes y caducan en 1 a\u00f1o.<br \/>\nPHPSESSID Para almacenar un mensaje simple cuando se env\u00eda un formulario que se puede mostrar en una p\u00e1gina diferente. Por ejemplo, si un formulario de consulta se completa incorrectamente, se almacenar\u00e1 un mensaje y se le presentar\u00e1 al usuario para indicar los errores en el env\u00edo. Cuando un formulario de consulta se env\u00eda correctamente, se almacena un mensaje y se le presenta al usuario agradeci\u00e9ndole por su consulta. No se almacena informaci\u00f3n personal en esta cookie.<br \/>\nwpgdprc-consent-5 Esta cookie almacena su aceptaci\u00f3n de la pol\u00edtica de cookies. No se almacena informaci\u00f3n personal en esta cookie.<br \/>\n_ga, _gid, _gat_gtag_UA_ Utilizamos Google Analytics para analizar el uso de nuestro sitio web. Nuestro proveedor de servicios de an\u00e1lisis genera informaci\u00f3n estad\u00edstica y de otro tipo sobre el uso del sitio web mediante cookies. La informaci\u00f3n generada en relaci\u00f3n con nuestro sitio web se utiliza para crear informes sobre el uso de nuestro sitio web. La pol\u00edtica de privacidad de nuestro proveedor de servicios de an\u00e1lisis est\u00e1 disponible aqu\u00ed.<br \/>\nGesti\u00f3n de cookies<br \/>\nLa mayor\u00eda de los navegadores web permiten cierto control de la mayor\u00eda de las cookies a trav\u00e9s de la configuraci\u00f3n del navegador. Para obtener m\u00e1s informaci\u00f3n sobre las cookies, incluido c\u00f3mo ver qu\u00e9 cookies se han configurado y c\u00f3mo administrarlas y eliminarlas, visite http:\/\/www.allaboutcookies.org\/<\/p>\n<p>Quejas de privacidad<br \/>\nSi tiene alguna pregunta sobre esta pol\u00edtica, c\u00f3mo se procesan sus datos personales o siente que Tibo Equestrian no ha cumplido con las disposiciones de esta pol\u00edtica de privacidad, o desea eliminar sus datos personales de nuestros registros, env\u00edenos un correo electr\u00f3nico a tiboequestrian @ gmail .com<\/p>\n<p>Acerca de esta pol\u00edtica<br \/>\nEsta es nuestra pol\u00edtica de privacidad actual y Tibo Equestrian puede modificarla en cualquier momento. Esto no es un contrato.<\/p>\n\t<\/div>\r\n<\/div>\r\n\r\n\r\n\r\n\n\t\t\t<\/div> \n\t\t<\/div>\n\t<\/div> \n<\/div><\/div>","protected":false},"excerpt":{"rendered":"Pol\u00edtica de privacidad Qui\u00e9nes somos Nombre de la empresa: Tibo H\u00edpica - Joaqu\u00edn Tinao P\u00e9rez-Miravete Direcci\u00f3n: Pol. 27, 5, 46600 Alzira, Valencia, Espa\u00f1a CIF: B98949233 Correo electr\u00f3nico: tiboequestrian@gmail.com La direcci\u00f3n de nuestro sitio web es: https:\/\/tiboequestrian.com...","protected":false},"author":1,"featured_media":0,"parent":0,"menu_order":0,"comment_status":"closed","ping_status":"closed","template":"","meta":[],"_links":{"self":[{"href":"https:\/\/tiboequestrian.com\/es\/wp-json\/wp\/v2\/pages\/6209"}],"collection":[{"href":"https:\/\/tiboequestrian.com\/es\/wp-json\/wp\/v2\/pages"}],"about":[{"href":"https:\/\/tiboequestrian.com\/es\/wp-json\/wp\/v2\/types\/page"}],"author":[{"embeddable":true,"href":"https:\/\/tiboequestrian.com\/es\/wp-json\/wp\/v2\/users\/1"}],"replies":[{"embeddable":true,"href":"https:\/\/tiboequestrian.com\/es\/wp-json\/wp\/v2\/comments?post=6209"}],"version-history":[{"count":4,"href":"https:\/\/tiboequestrian.com\/es\/wp-json\/wp\/v2\/pages\/6209\/revisions"}],"predecessor-version":[{"id":6520,"href":"https:\/\/tiboequestrian.com\/es\/wp-json\/wp\/v2\/pages\/6209\/revisions\/6520"}],"wp:attachment":[{"href":"https:\/\/tiboequestrian.com\/es\/wp-json\/wp\/v2\/media?parent=6209"}],"curies":[{"name":"wp","href":"https:\/\/api.w.org\/{rel}","templated":true}]}}